{"id":3452,"date":"2023-09-27T13:16:42","date_gmt":"2023-09-27T17:16:42","guid":{"rendered":"https:\/\/www.physioplateau.com\/imprint\/"},"modified":"2023-09-27T13:41:35","modified_gmt":"2023-09-27T17:41:35","slug":"imprint","status":"publish","type":"page","link":"https:\/\/www.physioplateau.com\/en\/imprint\/","title":{"rendered":"Imprint"},"content":{"rendered":"\n<!-- Legal document generated by Complianz | GDPR\/CCPA Cookie Consent https:\/\/wordpress.org\/plugins\/complianz-gdpr -->\n<div id=\"cmplz-document\" class=\"cmplz-document impressum cmplz-document-all\"><p><i>This imprint was last updated on 3 December 2025.<\/i><\/p><p class=\"cmplz-subtitle\">The owner of this website is:<\/p><p>Physio Plateau Inc Soci\u00e9t\u00e9 par actions ou compagnie<br>5184 rue Saint-Denis Montr\u00e9al,<br \/>\r\nQu\u00e9bec H2J 2M2<br>Canada<br>Email:&nbsp;<span class=\"cmplz-obfuscate\">i&#110;&#102;&#111;@<span class=\"cmplz-fmail-domain\">&#101;&#120;.&#099;&#111;m<\/span>&#112;&#104;y&#115;io&#112;&#108;&#097;t&#101;&#097;&#117;&#046;co&#109;<\/span><br>Phone number: 514-277-8954<br><\/p><p class=\"cmplz-subtitle\">The legal representative(s) of Physio Plateau Inc Soci\u00e9t\u00e9 par actions ou compagnie:<\/p><p>OLIVIER BENOIT, GUILLAUME HOHLY<\/p><h2>1. General<\/h2><p class=\"cmplz-subtitle\">1.1 We are registered at Registre des Entreprises du Qu\u00e9bec under the license or registration number:<\/p><p>1176418185<\/p><p class=\"cmplz-subtitle\">1.2 We display services or products on our website, which require registration with the following professional association:<\/p><p>Professional order of physiotherapy Quebec (Ordre professionnel de la physioth\u00e9rapie du Qu\u00e9bec)<\/p><p class=\"cmplz-subtitle\">1.3 The profession or the activities displayed on this website require a certain diploma, as stated here:<\/p><p>Physioth\u00e9rapeute, this diploma or job title was awarded in Canada.<\/p><p class=\"cmplz-subtitle\">1.4 The following Professional Rules and Regulations apply to our organization:<\/p><p>Politiques et r\u00e8glements Ordre professionnel de la physioth\u00e9rapie du Qu\u00e9bec<\/p><p>You can access these rules and regulations here:<br \/>https:\/\/oppq.qc.ca\/membres\/politiques-et-reglements\/<\/p><p>We are not willing or obliged to participate in dispute resolution procedures before a consumer arbitration board.<\/p><\/div>","protected":false},"excerpt":{"rendered":"","protected":false},"author":1,"featured_media":0,"parent":0,"menu_order":0,"comment_status":"closed","ping_status":"closed","template":"","meta":{"footnotes":""},"class_list":["post-3452","page","type-page","status-publish","hentry"],"yoast_head":"<!-- This site is optimized with the Yoast SEO Premium plugin v27.4 (Yoast SEO v27.4) - https:\/\/yoast.com\/product\/yoast-seo-premium-wordpress\/ -->\n<title>Imprint - Physio Plateau<\/title>\n<meta name=\"description\" content=\"La Clinique de physioth\u00e9rapie Physio Plateau. L\u2019adresse de r\u00e9f\u00e9rence pour un bon physioth\u00e9rapeute \u00e0 Montr\u00e9al dans le quartier Plateau-Mont-Royal\" \/>\n<meta name=\"robots\" content=\"index, follow, max-snippet:-1, max-image-preview:large, max-video-preview:-1\" \/>\n<link rel=\"canonical\" href=\"https:\/\/www.physioplateau.com\/en\/imprint\/\" \/>\n<meta property=\"og:locale\" content=\"en_US\" \/>\n<meta property=\"og:type\" content=\"article\" \/>\n<meta property=\"og:title\" content=\"Imprint\" \/>\n<meta property=\"og:description\" content=\"La Clinique de physioth\u00e9rapie Physio Plateau. L\u2019adresse de r\u00e9f\u00e9rence pour un bon physioth\u00e9rapeute \u00e0 Montr\u00e9al dans le quartier Plateau-Mont-Royal\" \/>\n<meta property=\"og:url\" content=\"https:\/\/www.physioplateau.com\/en\/imprint\/\" \/>\n<meta property=\"og:site_name\" content=\"Physio Plateau\" \/>\n<meta property=\"article:publisher\" content=\"https:\/\/www.facebook.com\/physioplateau\" \/>\n<meta property=\"article:modified_time\" content=\"2023-09-27T17:41:35+00:00\" \/>\n<meta property=\"og:image\" content=\"https:\/\/www.physioplateau.com\/wp-content\/uploads\/2021\/10\/Logo-PhysioPlateau-social.jpg\" \/>\n\t<meta property=\"og:image:width\" content=\"1000\" \/>\n\t<meta property=\"og:image:height\" content=\"566\" \/>\n\t<meta property=\"og:image:type\" content=\"image\/jpeg\" \/>\n<meta name=\"twitter:card\" content=\"summary_large_image\" \/>\n<script type=\"application\/ld+json\" class=\"yoast-schema-graph\">{\"@context\":\"https:\\\/\\\/schema.org\",\"@graph\":[{\"@type\":\"WebPage\",\"@id\":\"https:\\\/\\\/www.physioplateau.com\\\/en\\\/imprint\\\/\",\"url\":\"https:\\\/\\\/www.physioplateau.com\\\/en\\\/imprint\\\/\",\"name\":\"Imprint - Physio Plateau\",\"isPartOf\":{\"@id\":\"https:\\\/\\\/www.physioplateau.com\\\/en\\\/#website\"},\"datePublished\":\"2023-09-27T17:16:42+00:00\",\"dateModified\":\"2023-09-27T17:41:35+00:00\",\"description\":\"La Clinique de physioth\u00e9rapie Physio Plateau. L\u2019adresse de r\u00e9f\u00e9rence pour un bon physioth\u00e9rapeute \u00e0 Montr\u00e9al dans le quartier Plateau-Mont-Royal\",\"breadcrumb\":{\"@id\":\"https:\\\/\\\/www.physioplateau.com\\\/en\\\/imprint\\\/#breadcrumb\"},\"inLanguage\":\"en-US\",\"potentialAction\":[{\"@type\":\"ReadAction\",\"target\":[\"https:\\\/\\\/www.physioplateau.com\\\/en\\\/imprint\\\/\"]}]},{\"@type\":\"BreadcrumbList\",\"@id\":\"https:\\\/\\\/www.physioplateau.com\\\/en\\\/imprint\\\/#breadcrumb\",\"itemListElement\":[{\"@type\":\"ListItem\",\"position\":1,\"name\":\"Accueil\",\"item\":\"https:\\\/\\\/www.physioplateau.com\\\/en\\\/\"},{\"@type\":\"ListItem\",\"position\":2,\"name\":\"Imprint\"}]},{\"@type\":\"WebSite\",\"@id\":\"https:\\\/\\\/www.physioplateau.com\\\/en\\\/#website\",\"url\":\"https:\\\/\\\/www.physioplateau.com\\\/en\\\/\",\"name\":\"Clinique de Physioth\u00e9rapie Physio Plateau\",\"description\":\"Clinique de Physioth\u00e9rapie Montr\u00e9al\",\"publisher\":{\"@id\":\"https:\\\/\\\/www.physioplateau.com\\\/en\\\/#organization\"},\"alternateName\":\"Physio Plateau\",\"potentialAction\":[{\"@type\":\"SearchAction\",\"target\":{\"@type\":\"EntryPoint\",\"urlTemplate\":\"https:\\\/\\\/www.physioplateau.com\\\/en\\\/?s={search_term_string}\"},\"query-input\":{\"@type\":\"PropertyValueSpecification\",\"valueRequired\":true,\"valueName\":\"search_term_string\"}}],\"inLanguage\":\"en-US\"},{\"@type\":\"Organization\",\"@id\":\"https:\\\/\\\/www.physioplateau.com\\\/en\\\/#organization\",\"name\":\"Clinique de physioth\u00e9rapie Physio Plateau - Plateau Mont-Royal\",\"alternateName\":\"Physio Plateau\",\"url\":\"https:\\\/\\\/www.physioplateau.com\\\/en\\\/\",\"logo\":{\"@type\":\"ImageObject\",\"inLanguage\":\"en-US\",\"@id\":\"https:\\\/\\\/www.physioplateau.com\\\/en\\\/#\\\/schema\\\/logo\\\/image\\\/\",\"url\":\"https:\\\/\\\/www.physioplateau.com\\\/wp-content\\\/uploads\\\/2021\\\/10\\\/Logo-PhysioPlateau-social.jpg\",\"contentUrl\":\"https:\\\/\\\/www.physioplateau.com\\\/wp-content\\\/uploads\\\/2021\\\/10\\\/Logo-PhysioPlateau-social.jpg\",\"width\":1000,\"height\":566,\"caption\":\"Clinique de physioth\u00e9rapie Physio Plateau - Plateau Mont-Royal\"},\"image\":{\"@id\":\"https:\\\/\\\/www.physioplateau.com\\\/en\\\/#\\\/schema\\\/logo\\\/image\\\/\"},\"sameAs\":[\"https:\\\/\\\/www.facebook.com\\\/physioplateau\",\"https:\\\/\\\/www.instagram.com\\\/physioplateau\\\/\"],\"description\":\"La Clinique de physioth\u00e9rapie Physio Plateau. L\u2019adresse de r\u00e9f\u00e9rence pour un bon physioth\u00e9rapeute \u00e0 Montr\u00e9al dans le quartier Plateau-Mont-Royal\",\"email\":\"info@physioplateau.com\",\"telephone\":\"514-277-8954\",\"legalName\":\"Physio Plateau Inc\",\"foundingDate\":\"2021-03-30\",\"numberOfEmployees\":{\"@type\":\"QuantitativeValue\",\"minValue\":\"1\",\"maxValue\":\"10\"}}]}<\/script>\n<!-- \/ Yoast SEO Premium plugin. -->","yoast_head_json":{"title":"Imprint - Physio Plateau","description":"La Clinique de physioth\u00e9rapie Physio Plateau. L\u2019adresse de r\u00e9f\u00e9rence pour un bon physioth\u00e9rapeute \u00e0 Montr\u00e9al dans le quartier Plateau-Mont-Royal","robots":{"index":"index","follow":"follow","max-snippet":"max-snippet:-1","max-image-preview":"max-image-preview:large","max-video-preview":"max-video-preview:-1"},"canonical":"https:\/\/www.physioplateau.com\/en\/imprint\/","og_locale":"en_US","og_type":"article","og_title":"Imprint","og_description":"La Clinique de physioth\u00e9rapie Physio Plateau. L\u2019adresse de r\u00e9f\u00e9rence pour un bon physioth\u00e9rapeute \u00e0 Montr\u00e9al dans le quartier Plateau-Mont-Royal","og_url":"https:\/\/www.physioplateau.com\/en\/imprint\/","og_site_name":"Physio Plateau","article_publisher":"https:\/\/www.facebook.com\/physioplateau","article_modified_time":"2023-09-27T17:41:35+00:00","og_image":[{"width":1000,"height":566,"url":"https:\/\/www.physioplateau.com\/wp-content\/uploads\/2021\/10\/Logo-PhysioPlateau-social.jpg","type":"image\/jpeg"}],"twitter_card":"summary_large_image","schema":{"@context":"https:\/\/schema.org","@graph":[{"@type":"WebPage","@id":"https:\/\/www.physioplateau.com\/en\/imprint\/","url":"https:\/\/www.physioplateau.com\/en\/imprint\/","name":"Imprint - Physio Plateau","isPartOf":{"@id":"https:\/\/www.physioplateau.com\/en\/#website"},"datePublished":"2023-09-27T17:16:42+00:00","dateModified":"2023-09-27T17:41:35+00:00","description":"La Clinique de physioth\u00e9rapie Physio Plateau. L\u2019adresse de r\u00e9f\u00e9rence pour un bon physioth\u00e9rapeute \u00e0 Montr\u00e9al dans le quartier Plateau-Mont-Royal","breadcrumb":{"@id":"https:\/\/www.physioplateau.com\/en\/imprint\/#breadcrumb"},"inLanguage":"en-US","potentialAction":[{"@type":"ReadAction","target":["https:\/\/www.physioplateau.com\/en\/imprint\/"]}]},{"@type":"BreadcrumbList","@id":"https:\/\/www.physioplateau.com\/en\/imprint\/#breadcrumb","itemListElement":[{"@type":"ListItem","position":1,"name":"Accueil","item":"https:\/\/www.physioplateau.com\/en\/"},{"@type":"ListItem","position":2,"name":"Imprint"}]},{"@type":"WebSite","@id":"https:\/\/www.physioplateau.com\/en\/#website","url":"https:\/\/www.physioplateau.com\/en\/","name":"Clinique de Physioth\u00e9rapie Physio Plateau","description":"Clinique de Physioth\u00e9rapie Montr\u00e9al","publisher":{"@id":"https:\/\/www.physioplateau.com\/en\/#organization"},"alternateName":"Physio Plateau","potentialAction":[{"@type":"SearchAction","target":{"@type":"EntryPoint","urlTemplate":"https:\/\/www.physioplateau.com\/en\/?s={search_term_string}"},"query-input":{"@type":"PropertyValueSpecification","valueRequired":true,"valueName":"search_term_string"}}],"inLanguage":"en-US"},{"@type":"Organization","@id":"https:\/\/www.physioplateau.com\/en\/#organization","name":"Clinique de physioth\u00e9rapie Physio Plateau - Plateau Mont-Royal","alternateName":"Physio Plateau","url":"https:\/\/www.physioplateau.com\/en\/","logo":{"@type":"ImageObject","inLanguage":"en-US","@id":"https:\/\/www.physioplateau.com\/en\/#\/schema\/logo\/image\/","url":"https:\/\/www.physioplateau.com\/wp-content\/uploads\/2021\/10\/Logo-PhysioPlateau-social.jpg","contentUrl":"https:\/\/www.physioplateau.com\/wp-content\/uploads\/2021\/10\/Logo-PhysioPlateau-social.jpg","width":1000,"height":566,"caption":"Clinique de physioth\u00e9rapie Physio Plateau - Plateau Mont-Royal"},"image":{"@id":"https:\/\/www.physioplateau.com\/en\/#\/schema\/logo\/image\/"},"sameAs":["https:\/\/www.facebook.com\/physioplateau","https:\/\/www.instagram.com\/physioplateau\/"],"description":"La Clinique de physioth\u00e9rapie Physio Plateau. L\u2019adresse de r\u00e9f\u00e9rence pour un bon physioth\u00e9rapeute \u00e0 Montr\u00e9al dans le quartier Plateau-Mont-Royal","email":"info@physioplateau.com","telephone":"514-277-8954","legalName":"Physio Plateau Inc","foundingDate":"2021-03-30","numberOfEmployees":{"@type":"QuantitativeValue","minValue":"1","maxValue":"10"}}]}},"_links":{"self":[{"href":"https:\/\/www.physioplateau.com\/en\/wp-json\/wp\/v2\/pages\/3452","targetHints":{"allow":["GET"]}}],"collection":[{"href":"https:\/\/www.physioplateau.com\/en\/wp-json\/wp\/v2\/pages"}],"about":[{"href":"https:\/\/www.physioplateau.com\/en\/wp-json\/wp\/v2\/types\/page"}],"author":[{"embeddable":true,"href":"https:\/\/www.physioplateau.com\/en\/wp-json\/wp\/v2\/users\/1"}],"replies":[{"embeddable":true,"href":"https:\/\/www.physioplateau.com\/en\/wp-json\/wp\/v2\/comments?post=3452"}],"version-history":[{"count":1,"href":"https:\/\/www.physioplateau.com\/en\/wp-json\/wp\/v2\/pages\/3452\/revisions"}],"predecessor-version":[{"id":3454,"href":"https:\/\/www.physioplateau.com\/en\/wp-json\/wp\/v2\/pages\/3452\/revisions\/3454"}],"wp:attachment":[{"href":"https:\/\/www.physioplateau.com\/en\/wp-json\/wp\/v2\/media?parent=3452"}],"curies":[{"name":"wp","href":"https:\/\/api.w.org\/{rel}","templated":true}]}}