{"id":3343,"date":"2022-10-13T10:39:25","date_gmt":"2022-10-13T14:39:25","guid":{"rendered":"https:\/\/www.physioplateau.com\/politique-de-confidentialite-et-de-la-vie-privee-et-conditions-dutilisation\/"},"modified":"2022-10-18T15:47:06","modified_gmt":"2022-10-18T19:47:06","slug":"terms-and-conditions-of-use-and-privacy-policy","status":"publish","type":"page","link":"https:\/\/www.physioplateau.com\/en\/terms-and-conditions-of-use-and-privacy-policy\/","title":{"rendered":"Terms and Conditions of Use and Privacy Policy"},"content":{"rendered":"<div class=\"wpb-content-wrapper\"><p>[vc_section full_width=&#8221;stretch_row&#8221; content_placement=&#8221;middle&#8221; background_position=&#8221;center&#8221; et_uniqid=&#8221;et_custom_uniqid_6044de97264d8&#8243; css=&#8221;.vc_custom_1665673607498{background-color: #141414 !important;background-position: center !important;background-repeat: no-repeat !important;background-size: cover !important;}&#8221; _et_uniqid=&#8221;et_custom_uniqid_new_6348296ae188c&#8221;][vc_row full_width=&#8221;stretch_row&#8221; content_placement=&#8221;middle&#8221; background_position=&#8221;right_bottom&#8221; fixed_background=&#8221;right&#8221; et_uniqid=&#8221;et_custom_uniqid_6044deac82113&#8243; enable_first_overlay=&#8221;true&#8221; first_overlay_opacity=&#8221;90&#8243; first_background_type=&#8221;gradient&#8221; first_background_gradient=&#8221;rgba(0,0,0,0)||#c02026||30;100||150||linear&#8221; enable_second_overlay=&#8221;true&#8221; second_overlay_opacity=&#8221;50&#8243; second_background_type=&#8221;image&#8221; second_background_image=&#8221;1584&#8243; second_background_position=&#8221;bottom-right&#8221; css=&#8221;.vc_custom_1629905171568{padding-top: 20px !important;padding-bottom: 100px !important;background-position: center !important;background-repeat: no-repeat !important;background-size: cover !important;}&#8221; _et_uniqid=&#8221;et_custom_uniqid_new_61266109606ef&#8221; css_md=&#8221;.vc_custom_1629905171569{padding-top: 80px !important;padding-bottom: 50px !important;background-position: center !important;background-repeat: no-repeat !important;background-size: contain !important;}&#8221; el_class=&#8221;mob-hide-bg&#8221; css_xs=&#8221;.vc_custom_1629905171570{padding-top: 50px !important;}&#8221;][vc_column css_animation=&#8221;none&#8221; et_uniqid=&#8221;et_custom_uniqid_6044e16bd5e93&#8243; _et_uniqid=&#8221;et_custom_uniqid_new_611a7a555421e&#8221; css=&#8221;.vc_custom_1629125215392{margin-top: 150px !important;margin-bottom: 50px !important;}&#8221; offset=&#8221;vc_col-lg-12&#8243; css_md=&#8221;.vc_custom_1629125215393{margin-top: 80px !important;}&#8221; css_xs=&#8221;.vc_custom_1629125215393{margin-top: 0px !important;}&#8221;][vc_empty_space][vc_row_inner et_uniqid=&#8221;et_custom_uniqid_604cd81c0c88e&#8221; animation_in_type=&#8221;transition.bounceIn&#8221; animation_in_offset=&#8221;100&#8243; animation_in_duration=&#8221;300&#8243; animation_in_delay=&#8221;1200&#8243; _et_uniqid=&#8221;et_custom_uniqid_new_611a79ee35426&#8243;][vc_column_inner et_uniqid=&#8221;et_custom_uniqid_604cd822c7428&#8243; css=&#8221;.vc_custom_1615648808440{padding-top: 0px !important;}&#8221; _et_uniqid=&#8221;et_custom_uniqid_new_604cd822d71dd&#8221;][vc_raw_html css=&#8221;.vc_custom_1666121796369{margin-bottom: 0px !important;}&#8221;]JTNDcCUyMHN0eWxlJTNEJTIyY29sb3IlM0ElMjAlMjNmZmZmZmYlM0IlMjBsaW5lLWhlaWdodCUzQSUyMDEuMiUzQiUyMG1hcmdpbi1ib3R0b20lM0ElMjAwcHglM0IlMjBmb250LXNpemUlM0ElMjA2MHB4JTNCJTIwZm9udC13ZWlnaHQlM0ElMjBib2xkJTNCJTIwdGV4dC10cmFuc2Zvcm0lM0ElMjB1cHBlcmNhc2UlM0IlMjIlMjBjbGFzcyUzRCUyMm1vYi1jdXN0b20tc2l6ZS0xJTIyJTNFUEhZU0lPJTIwUExBVEVBVSUzQ3N1cCUyMHN0eWxlJTNEJTIyZm9udC1zaXplJTNBJTIwLjdlbSUzQiUyMGxpbmUtaGVpZ2h0JTNBJTIwMWVtJTNCJTIwJTIyJTNFJTNDJTJGc3VwJTNFJTNDJTJGcCUzRQ==[\/vc_raw_html][\/vc_column_inner][\/vc_row_inner][vc_custom_heading text=&#8221;Terms and Conditions of Use and Privacy Policy&#8221; font_container=&#8221;tag:p|font_size:40px|text_align:left|color:%23c02026&#8243; use_theme_fonts=&#8221;yes&#8221; css_animation=&#8221;fadeInUp&#8221;][vc_row_inner et_uniqid=&#8221;et_custom_uniqid_604cd8a2d60d6&#8243; animation_in_type=&#8221;transition.slideUpBigIn&#8221; animation_in_offset=&#8221;100&#8243; animation_in_duration=&#8221;500&#8243; animation_in_delay=&#8221;600&#8243; css=&#8221;.vc_custom_1615649062589{padding-top: 0px !important;}&#8221; _et_uniqid=&#8221;et_custom_uniqid_new_604cd92115217&#8243;][vc_column_inner et_uniqid=&#8221;et_custom_uniqid_604cd8a9c5e5c&#8221; css=&#8221;.vc_custom_1615648943171{padding-top: 0px !important;}&#8221; _et_uniqid=&#8221;et_custom_uniqid_new_604cd8a9d374b&#8221;][\/vc_column_inner][\/vc_row_inner][\/vc_column][\/vc_row][\/vc_section][vc_row full_width=&#8221;stretch_row_content_no_spaces&#8221; content_placement=&#8221;middle&#8221; background_position=&#8221;center&#8221; fixed_background=&#8221;right&#8221; et_uniqid=&#8221;et_custom_uniqid_6049212733bbd&#8221; enable_first_overlay=&#8221;true&#8221; first_overlay_opacity=&#8221;10&#8243; first_background_type=&#8221;image&#8221; first_background_image=&#8221;1584&#8243; first_background_position=&#8221;bottom-right&#8221; second_background_type=&#8221;image&#8221; second_background_image=&#8221;1584&#8243; second_background_position=&#8221;middle-right&#8221; enable_second_overlay_scrolling=&#8221;true&#8221; second_overlay_speed=&#8221;152&#8243; _et_uniqid=&#8221;et_custom_uniqid_new_611a9588b438f&#8221; css_md=&#8221;.vc_custom_1629132177986{margin-top: 100px !important;margin-bottom: 50px !important;}&#8221; el_class=&#8221;mob-hide-bg&#8221;][vc_column css_animation=&#8221;fadeInLeft&#8221; width=&#8221;1\/6&#8243; et_uniqid=&#8221;et_custom_uniqid_604cdb2828499&#8243; _et_uniqid=&#8221;et_custom_uniqid_new_610aa9a098059&#8243; css=&#8221;.vc_custom_1628088746659{padding-top: 40px !important;}&#8221;][\/vc_column][vc_column css_animation=&#8221;fadeInRight&#8221; width=&#8221;2\/3&#8243; et_uniqid=&#8221;et_custom_uniqid_6049151d5697a&#8221; css=&#8221;.vc_custom_1629132349627{padding-top: 135px !important;padding-bottom: 135px !important;}&#8221; _et_uniqid=&#8221;et_custom_uniqid_new_611a9638ced19&#8243; css_md=&#8221;.vc_custom_1629132349628{padding-left: 0px !important;}&#8221; css_xs=&#8221;.vc_custom_1629132349628{padding-top: 25px !important;}&#8221;][vc_empty_space height=&#8221;88px&#8221;][vc_custom_heading text=&#8221;Terms and Conditions of Use and Privacy Policy&#8221; font_container=&#8221;tag:h1|font_size:35px|text_align:center|color:%230a0a0a|line_height:38px&#8221; use_theme_fonts=&#8221;yes&#8221; el_class=&#8221;no-uppercase&#8221; css=&#8221;.vc_custom_1666121815733{border-top-width: 5% !important;padding-right: 15px !important;padding-bottom: 5% !important;padding-left: 15px !important;}&#8221;][vc_column_text css=&#8221;.vc_custom_1666122423815{margin-right: 5% !important;margin-bottom: 5% !important;margin-left: 5% !important;}&#8221;]<\/p>\n<h4>Physio Plateau gives great importance to respecting the privacy of its patients. Our privacy policy has been put in place to direct our practices regarding the collection, use and communication of personal information.<\/h4>\n<p>&nbsp;<\/p>\n<p>&nbsp;<\/p>\n<h4><strong><u>Collected Information<\/u><\/strong><\/h4>\n<p>When you complete an online form on our website, the personal information provided will only be used for the purposes of your request. Physio Plateau undertakes never to share them or sell them to third parties.<\/p>\n<p>Your information will be communicated to Physio Plateau professionals to the extent that the information received is necessary for the performance of their duties. It is understood that Physio Plateau team respect this privacy policy.<\/p>\n<p>You should know that on most websites just like ours, information is automatically collected, however it does not allow your identity to be known. This include, among other things, the IP address, the operating system of your device, the country from which you are accessing the site. These data are used solely for statistical purposes by Google Analytics concerning the number of visitors to our website and allow it to be improved.<\/p>\n<h4><strong><u>Cookies<\/u><\/strong><\/h4>\n<p>The existence of cookies on our website does not allow you to be identified. These cookies are used to facilitate navigation through the pages of our site. You can block them at any time, however this decision may prevent you from accessing certain functions of our site.<\/p>\n<h4><strong><u>Access rights<\/u><\/strong><\/h4>\n<p>Physio Plateau respects the Privacy Act in the private sector. Therefore, you can ask us to access your personal information at any time. Proof of identity may be required.<\/p>\n<h4><strong><u>To know more<\/u><\/strong><\/h4>\n<p>If you have any questions regarding this policy, we invite you to contact us.<br \/>\nPerson in charge of the Privacy policy<\/p>\n<p><strong>Ang\u00e9lique Mariotat<\/strong><\/p>\n<p>Phone\u00a0:<strong> 514-277-8954<\/strong>[\/vc_column_text][vc_empty_space height=&#8221;88px&#8221;][\/vc_column][vc_column width=&#8221;1\/6&#8243;][\/vc_column][\/vc_row]<\/p>\n<\/div>","protected":false},"excerpt":{"rendered":"<p>[vc_section full_width=&#8221;stretch_row&#8221; content_placement=&#8221;middle&#8221; background_position=&#8221;center&#8221; et_uniqid=&#8221;et_custom_uniqid_6044de97264d8&#8243; css=&#8221;.vc_custom_1665673607498{background-color: #141414 !important;background-position: center !important;background-repeat: no-repeat !important;background-size: cover !important;}&#8221; _et_uniqid=&#8221;et_custom_uniqid_new_6348296ae188c&#8221;][vc_row full_width=&#8221;stretch_row&#8221; content_placement=&#8221;middle&#8221; background_position=&#8221;right_bottom&#8221; fixed_background=&#8221;right&#8221; et_uniqid=&#8221;et_custom_uniqid_6044deac82113&#8243; enable_first_overlay=&#8221;true&#8221; first_overlay_opacity=&#8221;90&#8243; first_background_type=&#8221;gradient&#8221; first_background_gradient=&#8221;rgba(0,0,0,0)||#c02026||30;100||150||linear&#8221; enable_second_overlay=&#8221;true&#8221;&#8230;<\/p>\n","protected":false},"author":1,"featured_media":0,"parent":0,"menu_order":0,"comment_status":"closed","ping_status":"closed","template":"","meta":{"footnotes":""},"class_list":["post-3343","page","type-page","status-publish","hentry"],"yoast_head":"<!-- This site is optimized with the Yoast SEO Premium plugin v27.4 (Yoast SEO v27.4) - https:\/\/yoast.com\/product\/yoast-seo-premium-wordpress\/ -->\n<title>Terms and Conditions of Use and Privacy Policy - Physio Plateau<\/title>\n<meta name=\"description\" content=\"La Clinique de physioth\u00e9rapie Physio Plateau. L\u2019adresse de r\u00e9f\u00e9rence pour un bon physioth\u00e9rapeute \u00e0 Montr\u00e9al dans le quartier Plateau-Mont-Royal\" \/>\n<meta name=\"robots\" content=\"index, follow, max-snippet:-1, max-image-preview:large, max-video-preview:-1\" \/>\n<link rel=\"canonical\" href=\"https:\/\/www.physioplateau.com\/en\/terms-and-conditions-of-use-and-privacy-policy\/\" \/>\n<meta property=\"og:locale\" content=\"en_US\" \/>\n<meta property=\"og:type\" content=\"article\" \/>\n<meta property=\"og:title\" content=\"Terms and Conditions of Use and Privacy Policy\" \/>\n<meta property=\"og:description\" content=\"La Clinique de physioth\u00e9rapie Physio Plateau. L\u2019adresse de r\u00e9f\u00e9rence pour un bon physioth\u00e9rapeute \u00e0 Montr\u00e9al dans le quartier Plateau-Mont-Royal\" \/>\n<meta property=\"og:url\" content=\"https:\/\/www.physioplateau.com\/en\/terms-and-conditions-of-use-and-privacy-policy\/\" \/>\n<meta property=\"og:site_name\" content=\"Physio Plateau\" \/>\n<meta property=\"article:publisher\" content=\"https:\/\/www.facebook.com\/physioplateau\" \/>\n<meta property=\"article:modified_time\" content=\"2022-10-18T19:47:06+00:00\" \/>\n<meta property=\"og:image\" content=\"https:\/\/www.physioplateau.com\/wp-content\/uploads\/2021\/10\/Logo-PhysioPlateau-social.jpg\" \/>\n\t<meta property=\"og:image:width\" content=\"1000\" \/>\n\t<meta property=\"og:image:height\" content=\"566\" \/>\n\t<meta property=\"og:image:type\" content=\"image\/jpeg\" \/>\n<meta name=\"twitter:card\" content=\"summary_large_image\" \/>\n<meta name=\"twitter:label1\" content=\"Est. reading time\" \/>\n\t<meta name=\"twitter:data1\" content=\"3 minutes\" \/>\n<script type=\"application\/ld+json\" class=\"yoast-schema-graph\">{\"@context\":\"https:\\\/\\\/schema.org\",\"@graph\":[{\"@type\":\"WebPage\",\"@id\":\"https:\\\/\\\/www.physioplateau.com\\\/en\\\/terms-and-conditions-of-use-and-privacy-policy\\\/\",\"url\":\"https:\\\/\\\/www.physioplateau.com\\\/en\\\/terms-and-conditions-of-use-and-privacy-policy\\\/\",\"name\":\"Terms and Conditions of Use and Privacy Policy - Physio Plateau\",\"isPartOf\":{\"@id\":\"https:\\\/\\\/www.physioplateau.com\\\/en\\\/#website\"},\"datePublished\":\"2022-10-13T14:39:25+00:00\",\"dateModified\":\"2022-10-18T19:47:06+00:00\",\"description\":\"La Clinique de physioth\u00e9rapie Physio Plateau. L\u2019adresse de r\u00e9f\u00e9rence pour un bon physioth\u00e9rapeute \u00e0 Montr\u00e9al dans le quartier Plateau-Mont-Royal\",\"breadcrumb\":{\"@id\":\"https:\\\/\\\/www.physioplateau.com\\\/en\\\/terms-and-conditions-of-use-and-privacy-policy\\\/#breadcrumb\"},\"inLanguage\":\"en-US\",\"potentialAction\":[{\"@type\":\"ReadAction\",\"target\":[\"https:\\\/\\\/www.physioplateau.com\\\/en\\\/terms-and-conditions-of-use-and-privacy-policy\\\/\"]}]},{\"@type\":\"BreadcrumbList\",\"@id\":\"https:\\\/\\\/www.physioplateau.com\\\/en\\\/terms-and-conditions-of-use-and-privacy-policy\\\/#breadcrumb\",\"itemListElement\":[{\"@type\":\"ListItem\",\"position\":1,\"name\":\"Accueil\",\"item\":\"https:\\\/\\\/www.physioplateau.com\\\/en\\\/\"},{\"@type\":\"ListItem\",\"position\":2,\"name\":\"Terms and Conditions of Use and Privacy Policy\"}]},{\"@type\":\"WebSite\",\"@id\":\"https:\\\/\\\/www.physioplateau.com\\\/en\\\/#website\",\"url\":\"https:\\\/\\\/www.physioplateau.com\\\/en\\\/\",\"name\":\"Clinique de Physioth\u00e9rapie Physio Plateau\",\"description\":\"Clinique de Physioth\u00e9rapie Montr\u00e9al\",\"publisher\":{\"@id\":\"https:\\\/\\\/www.physioplateau.com\\\/en\\\/#organization\"},\"alternateName\":\"Physio Plateau\",\"potentialAction\":[{\"@type\":\"SearchAction\",\"target\":{\"@type\":\"EntryPoint\",\"urlTemplate\":\"https:\\\/\\\/www.physioplateau.com\\\/en\\\/?s={search_term_string}\"},\"query-input\":{\"@type\":\"PropertyValueSpecification\",\"valueRequired\":true,\"valueName\":\"search_term_string\"}}],\"inLanguage\":\"en-US\"},{\"@type\":\"Organization\",\"@id\":\"https:\\\/\\\/www.physioplateau.com\\\/en\\\/#organization\",\"name\":\"Clinique de physioth\u00e9rapie Physio Plateau - Plateau Mont-Royal\",\"alternateName\":\"Physio Plateau\",\"url\":\"https:\\\/\\\/www.physioplateau.com\\\/en\\\/\",\"logo\":{\"@type\":\"ImageObject\",\"inLanguage\":\"en-US\",\"@id\":\"https:\\\/\\\/www.physioplateau.com\\\/en\\\/#\\\/schema\\\/logo\\\/image\\\/\",\"url\":\"https:\\\/\\\/www.physioplateau.com\\\/wp-content\\\/uploads\\\/2021\\\/10\\\/Logo-PhysioPlateau-social.jpg\",\"contentUrl\":\"https:\\\/\\\/www.physioplateau.com\\\/wp-content\\\/uploads\\\/2021\\\/10\\\/Logo-PhysioPlateau-social.jpg\",\"width\":1000,\"height\":566,\"caption\":\"Clinique de physioth\u00e9rapie Physio Plateau - Plateau Mont-Royal\"},\"image\":{\"@id\":\"https:\\\/\\\/www.physioplateau.com\\\/en\\\/#\\\/schema\\\/logo\\\/image\\\/\"},\"sameAs\":[\"https:\\\/\\\/www.facebook.com\\\/physioplateau\",\"https:\\\/\\\/www.instagram.com\\\/physioplateau\\\/\"],\"description\":\"La Clinique de physioth\u00e9rapie Physio Plateau. L\u2019adresse de r\u00e9f\u00e9rence pour un bon physioth\u00e9rapeute \u00e0 Montr\u00e9al dans le quartier Plateau-Mont-Royal\",\"email\":\"info@physioplateau.com\",\"telephone\":\"514-277-8954\",\"legalName\":\"Physio Plateau Inc\",\"foundingDate\":\"2021-03-30\",\"numberOfEmployees\":{\"@type\":\"QuantitativeValue\",\"minValue\":\"1\",\"maxValue\":\"10\"}}]}<\/script>\n<!-- \/ Yoast SEO Premium plugin. -->","yoast_head_json":{"title":"Terms and Conditions of Use and Privacy Policy - Physio Plateau","description":"La Clinique de physioth\u00e9rapie Physio Plateau. L\u2019adresse de r\u00e9f\u00e9rence pour un bon physioth\u00e9rapeute \u00e0 Montr\u00e9al dans le quartier Plateau-Mont-Royal","robots":{"index":"index","follow":"follow","max-snippet":"max-snippet:-1","max-image-preview":"max-image-preview:large","max-video-preview":"max-video-preview:-1"},"canonical":"https:\/\/www.physioplateau.com\/en\/terms-and-conditions-of-use-and-privacy-policy\/","og_locale":"en_US","og_type":"article","og_title":"Terms and Conditions of Use and Privacy Policy","og_description":"La Clinique de physioth\u00e9rapie Physio Plateau. L\u2019adresse de r\u00e9f\u00e9rence pour un bon physioth\u00e9rapeute \u00e0 Montr\u00e9al dans le quartier Plateau-Mont-Royal","og_url":"https:\/\/www.physioplateau.com\/en\/terms-and-conditions-of-use-and-privacy-policy\/","og_site_name":"Physio Plateau","article_publisher":"https:\/\/www.facebook.com\/physioplateau","article_modified_time":"2022-10-18T19:47:06+00:00","og_image":[{"width":1000,"height":566,"url":"https:\/\/www.physioplateau.com\/wp-content\/uploads\/2021\/10\/Logo-PhysioPlateau-social.jpg","type":"image\/jpeg"}],"twitter_card":"summary_large_image","twitter_misc":{"Est. reading time":"3 minutes"},"schema":{"@context":"https:\/\/schema.org","@graph":[{"@type":"WebPage","@id":"https:\/\/www.physioplateau.com\/en\/terms-and-conditions-of-use-and-privacy-policy\/","url":"https:\/\/www.physioplateau.com\/en\/terms-and-conditions-of-use-and-privacy-policy\/","name":"Terms and Conditions of Use and Privacy Policy - Physio Plateau","isPartOf":{"@id":"https:\/\/www.physioplateau.com\/en\/#website"},"datePublished":"2022-10-13T14:39:25+00:00","dateModified":"2022-10-18T19:47:06+00:00","description":"La Clinique de physioth\u00e9rapie Physio Plateau. L\u2019adresse de r\u00e9f\u00e9rence pour un bon physioth\u00e9rapeute \u00e0 Montr\u00e9al dans le quartier Plateau-Mont-Royal","breadcrumb":{"@id":"https:\/\/www.physioplateau.com\/en\/terms-and-conditions-of-use-and-privacy-policy\/#breadcrumb"},"inLanguage":"en-US","potentialAction":[{"@type":"ReadAction","target":["https:\/\/www.physioplateau.com\/en\/terms-and-conditions-of-use-and-privacy-policy\/"]}]},{"@type":"BreadcrumbList","@id":"https:\/\/www.physioplateau.com\/en\/terms-and-conditions-of-use-and-privacy-policy\/#breadcrumb","itemListElement":[{"@type":"ListItem","position":1,"name":"Accueil","item":"https:\/\/www.physioplateau.com\/en\/"},{"@type":"ListItem","position":2,"name":"Terms and Conditions of Use and Privacy Policy"}]},{"@type":"WebSite","@id":"https:\/\/www.physioplateau.com\/en\/#website","url":"https:\/\/www.physioplateau.com\/en\/","name":"Clinique de Physioth\u00e9rapie Physio Plateau","description":"Clinique de Physioth\u00e9rapie Montr\u00e9al","publisher":{"@id":"https:\/\/www.physioplateau.com\/en\/#organization"},"alternateName":"Physio Plateau","potentialAction":[{"@type":"SearchAction","target":{"@type":"EntryPoint","urlTemplate":"https:\/\/www.physioplateau.com\/en\/?s={search_term_string}"},"query-input":{"@type":"PropertyValueSpecification","valueRequired":true,"valueName":"search_term_string"}}],"inLanguage":"en-US"},{"@type":"Organization","@id":"https:\/\/www.physioplateau.com\/en\/#organization","name":"Clinique de physioth\u00e9rapie Physio Plateau - Plateau Mont-Royal","alternateName":"Physio Plateau","url":"https:\/\/www.physioplateau.com\/en\/","logo":{"@type":"ImageObject","inLanguage":"en-US","@id":"https:\/\/www.physioplateau.com\/en\/#\/schema\/logo\/image\/","url":"https:\/\/www.physioplateau.com\/wp-content\/uploads\/2021\/10\/Logo-PhysioPlateau-social.jpg","contentUrl":"https:\/\/www.physioplateau.com\/wp-content\/uploads\/2021\/10\/Logo-PhysioPlateau-social.jpg","width":1000,"height":566,"caption":"Clinique de physioth\u00e9rapie Physio Plateau - Plateau Mont-Royal"},"image":{"@id":"https:\/\/www.physioplateau.com\/en\/#\/schema\/logo\/image\/"},"sameAs":["https:\/\/www.facebook.com\/physioplateau","https:\/\/www.instagram.com\/physioplateau\/"],"description":"La Clinique de physioth\u00e9rapie Physio Plateau. L\u2019adresse de r\u00e9f\u00e9rence pour un bon physioth\u00e9rapeute \u00e0 Montr\u00e9al dans le quartier Plateau-Mont-Royal","email":"info@physioplateau.com","telephone":"514-277-8954","legalName":"Physio Plateau Inc","foundingDate":"2021-03-30","numberOfEmployees":{"@type":"QuantitativeValue","minValue":"1","maxValue":"10"}}]}},"_links":{"self":[{"href":"https:\/\/www.physioplateau.com\/en\/wp-json\/wp\/v2\/pages\/3343","targetHints":{"allow":["GET"]}}],"collection":[{"href":"https:\/\/www.physioplateau.com\/en\/wp-json\/wp\/v2\/pages"}],"about":[{"href":"https:\/\/www.physioplateau.com\/en\/wp-json\/wp\/v2\/types\/page"}],"author":[{"embeddable":true,"href":"https:\/\/www.physioplateau.com\/en\/wp-json\/wp\/v2\/users\/1"}],"replies":[{"embeddable":true,"href":"https:\/\/www.physioplateau.com\/en\/wp-json\/wp\/v2\/comments?post=3343"}],"version-history":[{"count":4,"href":"https:\/\/www.physioplateau.com\/en\/wp-json\/wp\/v2\/pages\/3343\/revisions"}],"predecessor-version":[{"id":3347,"href":"https:\/\/www.physioplateau.com\/en\/wp-json\/wp\/v2\/pages\/3343\/revisions\/3347"}],"wp:attachment":[{"href":"https:\/\/www.physioplateau.com\/en\/wp-json\/wp\/v2\/media?parent=3343"}],"curies":[{"name":"wp","href":"https:\/\/api.w.org\/{rel}","templated":true}]}}