{"id":3083,"date":"2021-08-30T16:58:37","date_gmt":"2021-08-30T16:58:37","guid":{"rendered":"https:\/\/www.physioplateau.com\/rendez-vous-physiotherapeutes-physio-plateau-montreal\/"},"modified":"2025-12-16T07:12:30","modified_gmt":"2025-12-16T12:12:30","slug":"physiotherapist-appointement-montreal","status":"publish","type":"page","link":"https:\/\/www.physioplateau.com\/en\/physiotherapist-appointement-montreal\/","title":{"rendered":"Make an appointment with a physiotherapist from Physio Plateau"},"content":{"rendered":"<div class=\"wpb-content-wrapper\"><p>[vc_section full_width=&#8221;stretch_row&#8221; content_placement=&#8221;middle&#8221; background_position=&#8221;center&#8221; et_uniqid=&#8221;et_custom_uniqid_6044de97264d8&#8243; css=&#8221;.vc_custom_1629919657842{background-image: url(https:\/\/www.physioplateau.com\/wp-content\/uploads\/2021\/08\/Physiotherapeute.jpg?id=2184) !important;background-position: center !important;background-repeat: no-repeat !important;background-size: cover !important;}&#8221; _et_uniqid=&#8221;et_custom_uniqid_new_612699974f593&#8243;][vc_row full_width=&#8221;stretch_row&#8221; content_placement=&#8221;middle&#8221; background_position=&#8221;right_bottom&#8221; fixed_background=&#8221;right&#8221; et_uniqid=&#8221;et_custom_uniqid_6044deac82113&#8243; enable_first_overlay=&#8221;true&#8221; first_overlay_opacity=&#8221;91&#8243; first_background_type=&#8221;gradient&#8221; first_background_gradient=&#8221;rgba(10,10,10,0.94)||#c02026||30;100||149||linear&#8221; enable_second_overlay=&#8221;true&#8221; second_overlay_opacity=&#8221;50&#8243; second_background_type=&#8221;image&#8221; second_background_image=&#8221;1584&#8243; second_background_position=&#8221;bottom-right&#8221; css=&#8221;.vc_custom_1629919812278{padding-top: 20px !important;padding-bottom: 100px !important;background-position: 0 0 !important;background-repeat: no-repeat !important;}&#8221; _et_uniqid=&#8221;et_custom_uniqid_new_612699acaa7bc&#8221; css_md=&#8221;.vc_custom_1629919812279{padding-top: 80px !important;padding-bottom: 50px !important;background-position: center !important;background-repeat: no-repeat !important;background-size: contain !important;}&#8221; el_class=&#8221;mob-hide-bg&#8221; css_xs=&#8221;.vc_custom_1629919812279{padding-top: 50px !important;}&#8221;][vc_column css_animation=&#8221;none&#8221; et_uniqid=&#8221;et_custom_uniqid_6044e16bd5e93&#8243; _et_uniqid=&#8221;et_custom_uniqid_new_611a7a555421e&#8221; css=&#8221;.vc_custom_1629125215392{margin-top: 150px !important;margin-bottom: 50px !important;}&#8221; offset=&#8221;vc_col-lg-12&#8243; css_md=&#8221;.vc_custom_1629125215393{margin-top: 80px !important;}&#8221; css_xs=&#8221;.vc_custom_1629125215393{margin-top: 0px !important;}&#8221;][vc_empty_space height=&#8221;50px&#8221;][vc_row_inner et_uniqid=&#8221;et_custom_uniqid_604cd81c0c88e&#8221; animation_in_type=&#8221;transition.bounceIn&#8221; animation_in_offset=&#8221;100&#8243; animation_in_duration=&#8221;300&#8243; animation_in_delay=&#8221;1200&#8243; _et_uniqid=&#8221;et_custom_uniqid_new_611a79ee35426&#8243;][vc_column_inner et_uniqid=&#8221;et_custom_uniqid_604cd822c7428&#8243; css=&#8221;.vc_custom_1615648808440{padding-top: 0px !important;}&#8221; _et_uniqid=&#8221;et_custom_uniqid_new_604cd822d71dd&#8221;][vc_raw_html css=&#8221;.vc_custom_1630342505470{margin-bottom: 0px !important;}&#8221;]PHAgc3R5bGU9ImNvbG9yOiAjZmZmZmZmOyBsaW5lLWhlaWdodDogMS4yOyBtYXJnaW4tYm90dG9tOiAwcHg7IGZvbnQtc2l6ZTogNjBweDsgZm9udC13ZWlnaHQ6IGJvbGQ7IHRleHQtdHJhbnNmb3JtOiB1cHBlcmNhc2U7IiBjbGFzcz0ibW9iLWN1c3RvbS1zaXplLTEiPk9ubGluZSBhcHBvaW50bWVudDxzdXAgc3R5bGU9ImZvbnQtc2l6ZTogLjdlbTsgbGluZS1oZWlnaHQ6IDFlbTsgIj48L3N1cD48L3A+[\/vc_raw_html][\/vc_column_inner][\/vc_row_inner][vc_custom_heading text=&#8221;MONTREAL PHYSIOTHERAPY CLINIC&#8221; font_container=&#8221;tag:p|font_size:40px|text_align:left|color:%23c02026&#8243; use_theme_fonts=&#8221;yes&#8221; css_animation=&#8221;fadeInUp&#8221; el_class=&#8221;text-capitalize mob-custom-size-3&#8243;][vc_row_inner et_uniqid=&#8221;et_custom_uniqid_604cd8a2d60d6&#8243; animation_in_type=&#8221;transition.slideUpBigIn&#8221; animation_in_offset=&#8221;100&#8243; animation_in_duration=&#8221;500&#8243; animation_in_delay=&#8221;600&#8243; css=&#8221;.vc_custom_1615649062589{padding-top: 0px !important;}&#8221; _et_uniqid=&#8221;et_custom_uniqid_new_604cd92115217&#8243;][vc_column_inner et_uniqid=&#8221;et_custom_uniqid_604cd8a9c5e5c&#8221; css=&#8221;.vc_custom_1615648943171{padding-top: 0px !important;}&#8221; _et_uniqid=&#8221;et_custom_uniqid_new_604cd8a9d374b&#8221;][\/vc_column_inner][\/vc_row_inner][vc_custom_heading text=&#8221;Physio Plateau.&#8221; font_container=&#8221;tag:p|font_size:18px|text_align:left|color:%23cccccc|line_height:26px&#8221; use_theme_fonts=&#8221;yes&#8221; css_animation=&#8221;fadeInUp&#8221; css=&#8221;.vc_custom_1630342563739{margin-right: 50px !important;}&#8221; el_class=&#8221;text-capitalize mob-hide&#8221;][\/vc_column][\/vc_row][\/vc_section][vc_row full_width=&#8221;stretch_row_content_no_spaces&#8221; content_placement=&#8221;middle&#8221; background_position=&#8221;center&#8221; fixed_background=&#8221;right&#8221; et_uniqid=&#8221;et_custom_uniqid_6049212733bbd&#8221; enable_first_overlay=&#8221;true&#8221; first_overlay_opacity=&#8221;10&#8243; first_background_type=&#8221;image&#8221; first_background_image=&#8221;1584&#8243; first_background_position=&#8221;bottom-right&#8221; second_background_type=&#8221;image&#8221; second_background_image=&#8221;1584&#8243; second_background_position=&#8221;middle-right&#8221; enable_second_overlay_scrolling=&#8221;true&#8221; second_overlay_speed=&#8221;152&#8243; _et_uniqid=&#8221;et_custom_uniqid_new_611a9588b438f&#8221; css_md=&#8221;.vc_custom_1629132177986{margin-top: 100px !important;margin-bottom: 50px !important;}&#8221; el_class=&#8221;mob-hide-bg&#8221;][vc_column css_animation=&#8221;fadeInLeft&#8221; et_uniqid=&#8221;et_custom_uniqid_604cdb2828499&#8243; _et_uniqid=&#8221;et_custom_uniqid_new_610aa9a098059&#8243; css=&#8221;.vc_custom_1628088746659{padding-top: 40px !important;}&#8221;][vc_empty_space height=&#8221;88px&#8221;][vc_row_inner][vc_column_inner width=&#8221;1\/6&#8243;][\/vc_column_inner][vc_column_inner width=&#8221;2\/3&#8243; css=&#8221;.vc_custom_1633353451769{padding-right: 2% !important;padding-left: 2% !important;}&#8221; _et_uniqid=&#8221;et_custom_uniqid_new_615afedd032db&#8221;][vc_custom_heading text=&#8221;When making an appointment online, enter your personal information and follow the instructions below.&#8221; font_container=&#8221;tag:h2|font_size:24px|text_align:center|color:%23c02026&#8243; use_theme_fonts=&#8221;yes&#8221; css_animation=&#8221;fadeInUp&#8221; css=&#8221;&#8221;][vc_empty_space height=&#8221;30px&#8221;][vc_custom_heading text=&#8221;* If none of the online availabilities work for you or if you are having an emergency, please note that more possibilities can be offer by phone.&#8221; font_container=&#8221;tag:p|font_size:16px|text_align:center|color:%23AB1F1F&#8221; google_fonts=&#8221;font_family:Montserrat%3Aregular%2C700|font_style:700%20bold%20regular%3A700%3Anormal&#8221; css_animation=&#8221;fadeInUp&#8221; css=&#8221;&#8221;][vc_custom_heading text=&#8221;*If your injury is related to a road accident (SAAQ), please call 514-277-8954 to make an appointment. Note that we don\u2019t take care of CNESST cases.&#8221; font_container=&#8221;tag:p|font_size:16px|text_align:center|color:%23AB1F1F&#8221; google_fonts=&#8221;font_family:Montserrat%3Aregular%2C700|font_style:700%20bold%20regular%3A700%3Anormal&#8221; css_animation=&#8221;fadeInUp&#8221; css=&#8221;&#8221;][vc_empty_space height=&#8221;30px&#8221;][\/vc_column_inner][vc_column_inner width=&#8221;1\/6&#8243;][\/vc_column_inner][\/vc_row_inner][vc_raw_html]PGNlbnRlcj48aWZyYW1lIHNyYz0iaHR0cHM6Ly9zZWN1cmUubWVkZXhhLmNvbS8jL29ubGluZUFwcG9pbnRtZW50SW5mb3JtYXRpb24\/QVBJS2V5PTQxMUYxQ0U3MTFCNzRFRjFBNTBEQTg0ODVFRTMyMEUwJmZsb3dDb2xvcj1iMDI4MTUmYmFja2dyb3VuZENvbG9yPWZmZmZmZiIgd2lkdGg9IjEyMDAiIGhlaWdodD0iNzAwIiBmcmFtZWJvcmRlcj0iMCI+PC9pZnJhbWU+PC9jZW50ZXI+[\/vc_raw_html][vc_empty_space height=&#8221;88px&#8221;][\/vc_column][\/vc_row]<\/p>\n<\/div>","protected":false},"excerpt":{"rendered":"<p>[vc_section full_width=&#8221;stretch_row&#8221; content_placement=&#8221;middle&#8221; background_position=&#8221;center&#8221; et_uniqid=&#8221;et_custom_uniqid_6044de97264d8&#8243; css=&#8221;.vc_custom_1629919657842{background-image: url(https:\/\/www.physioplateau.com\/wp-content\/uploads\/2021\/08\/Physiotherapeute.jpg?id=2184) !important;background-position: center !important;background-repeat: no-repeat !important;background-size: cover !important;}&#8221; _et_uniqid=&#8221;et_custom_uniqid_new_612699974f593&#8243;][vc_row full_width=&#8221;stretch_row&#8221; content_placement=&#8221;middle&#8221; background_position=&#8221;right_bottom&#8221; fixed_background=&#8221;right&#8221; et_uniqid=&#8221;et_custom_uniqid_6044deac82113&#8243; enable_first_overlay=&#8221;true&#8221; first_overlay_opacity=&#8221;91&#8243; first_background_type=&#8221;gradient&#8221; first_background_gradient=&#8221;rgba(10,10,10,0.94)||#c02026||30;100||149||linear&#8221; enable_second_overlay=&#8221;true&#8221;&#8230;<\/p>\n","protected":false},"author":1,"featured_media":0,"parent":0,"menu_order":0,"comment_status":"closed","ping_status":"closed","template":"","meta":{"footnotes":""},"class_list":["post-3083","page","type-page","status-publish","hentry"],"yoast_head":"<!-- This site is optimized with the Yoast SEO Premium plugin v27.4 (Yoast SEO v27.4) - https:\/\/yoast.com\/product\/yoast-seo-premium-wordpress\/ -->\n<title>Make an appointment with a physiotherapist from Physio Plateau Montreal<\/title>\n<meta name=\"description\" content=\"When making an appointment online with a physiotherapist from Physio Plateau, enter your personal information and follow the instructions\" \/>\n<meta name=\"robots\" content=\"index, follow, max-snippet:-1, max-image-preview:large, max-video-preview:-1\" \/>\n<link rel=\"canonical\" href=\"https:\/\/www.physioplateau.com\/en\/physiotherapist-appointement-montreal\/\" \/>\n<meta property=\"og:locale\" content=\"en_US\" \/>\n<meta property=\"og:type\" content=\"article\" \/>\n<meta property=\"og:title\" content=\"Make an appointment with a physiotherapist from Physio Plateau\" \/>\n<meta property=\"og:description\" content=\"La Clinique de physioth\u00e9rapie Physio Plateau. L\u2019adresse de r\u00e9f\u00e9rence pour un bon physioth\u00e9rapeute \u00e0 Montr\u00e9al dans le quartier Plateau-Mont-Royal\" \/>\n<meta property=\"og:url\" content=\"https:\/\/www.physioplateau.com\/en\/physiotherapist-appointement-montreal\/\" \/>\n<meta property=\"og:site_name\" content=\"Physio Plateau\" \/>\n<meta property=\"article:publisher\" content=\"https:\/\/www.facebook.com\/physioplateau\" \/>\n<meta property=\"article:modified_time\" content=\"2025-12-16T12:12:30+00:00\" \/>\n<meta property=\"og:image\" content=\"https:\/\/www.physioplateau.com\/wp-content\/uploads\/2021\/10\/Logo-PhysioPlateau-social.jpg\" \/>\n\t<meta property=\"og:image:width\" content=\"1000\" \/>\n\t<meta property=\"og:image:height\" content=\"566\" \/>\n\t<meta property=\"og:image:type\" content=\"image\/jpeg\" \/>\n<meta name=\"twitter:card\" content=\"summary_large_image\" \/>\n<meta name=\"twitter:label1\" content=\"Est. reading time\" \/>\n\t<meta name=\"twitter:data1\" content=\"2 minutes\" \/>\n<script type=\"application\/ld+json\" class=\"yoast-schema-graph\">{\"@context\":\"https:\\\/\\\/schema.org\",\"@graph\":[{\"@type\":\"WebPage\",\"@id\":\"https:\\\/\\\/www.physioplateau.com\\\/en\\\/physiotherapist-appointement-montreal\\\/\",\"url\":\"https:\\\/\\\/www.physioplateau.com\\\/en\\\/physiotherapist-appointement-montreal\\\/\",\"name\":\"Make an appointment with a physiotherapist from Physio Plateau Montreal\",\"isPartOf\":{\"@id\":\"https:\\\/\\\/www.physioplateau.com\\\/en\\\/#website\"},\"datePublished\":\"2021-08-30T16:58:37+00:00\",\"dateModified\":\"2025-12-16T12:12:30+00:00\",\"description\":\"When making an appointment online with a physiotherapist from Physio Plateau, enter your personal information and follow the instructions\",\"breadcrumb\":{\"@id\":\"https:\\\/\\\/www.physioplateau.com\\\/en\\\/physiotherapist-appointement-montreal\\\/#breadcrumb\"},\"inLanguage\":\"en-US\",\"potentialAction\":[{\"@type\":\"ReadAction\",\"target\":[\"https:\\\/\\\/www.physioplateau.com\\\/en\\\/physiotherapist-appointement-montreal\\\/\"]}]},{\"@type\":\"BreadcrumbList\",\"@id\":\"https:\\\/\\\/www.physioplateau.com\\\/en\\\/physiotherapist-appointement-montreal\\\/#breadcrumb\",\"itemListElement\":[{\"@type\":\"ListItem\",\"position\":1,\"name\":\"Accueil\",\"item\":\"https:\\\/\\\/www.physioplateau.com\\\/en\\\/\"},{\"@type\":\"ListItem\",\"position\":2,\"name\":\"Make an appointment with a physiotherapist from Physio Plateau\"}]},{\"@type\":\"WebSite\",\"@id\":\"https:\\\/\\\/www.physioplateau.com\\\/en\\\/#website\",\"url\":\"https:\\\/\\\/www.physioplateau.com\\\/en\\\/\",\"name\":\"Clinique de Physioth\u00e9rapie Physio Plateau\",\"description\":\"Clinique de Physioth\u00e9rapie Montr\u00e9al\",\"publisher\":{\"@id\":\"https:\\\/\\\/www.physioplateau.com\\\/en\\\/#organization\"},\"alternateName\":\"Physio Plateau\",\"potentialAction\":[{\"@type\":\"SearchAction\",\"target\":{\"@type\":\"EntryPoint\",\"urlTemplate\":\"https:\\\/\\\/www.physioplateau.com\\\/en\\\/?s={search_term_string}\"},\"query-input\":{\"@type\":\"PropertyValueSpecification\",\"valueRequired\":true,\"valueName\":\"search_term_string\"}}],\"inLanguage\":\"en-US\"},{\"@type\":\"Organization\",\"@id\":\"https:\\\/\\\/www.physioplateau.com\\\/en\\\/#organization\",\"name\":\"Clinique de physioth\u00e9rapie Physio Plateau - Plateau Mont-Royal\",\"alternateName\":\"Physio Plateau\",\"url\":\"https:\\\/\\\/www.physioplateau.com\\\/en\\\/\",\"logo\":{\"@type\":\"ImageObject\",\"inLanguage\":\"en-US\",\"@id\":\"https:\\\/\\\/www.physioplateau.com\\\/en\\\/#\\\/schema\\\/logo\\\/image\\\/\",\"url\":\"https:\\\/\\\/www.physioplateau.com\\\/wp-content\\\/uploads\\\/2021\\\/10\\\/Logo-PhysioPlateau-social.jpg\",\"contentUrl\":\"https:\\\/\\\/www.physioplateau.com\\\/wp-content\\\/uploads\\\/2021\\\/10\\\/Logo-PhysioPlateau-social.jpg\",\"width\":1000,\"height\":566,\"caption\":\"Clinique de physioth\u00e9rapie Physio Plateau - Plateau Mont-Royal\"},\"image\":{\"@id\":\"https:\\\/\\\/www.physioplateau.com\\\/en\\\/#\\\/schema\\\/logo\\\/image\\\/\"},\"sameAs\":[\"https:\\\/\\\/www.facebook.com\\\/physioplateau\",\"https:\\\/\\\/www.instagram.com\\\/physioplateau\\\/\"],\"description\":\"La Clinique de physioth\u00e9rapie Physio Plateau. L\u2019adresse de r\u00e9f\u00e9rence pour un bon physioth\u00e9rapeute \u00e0 Montr\u00e9al dans le quartier Plateau-Mont-Royal\",\"email\":\"info@physioplateau.com\",\"telephone\":\"514-277-8954\",\"legalName\":\"Physio Plateau Inc\",\"foundingDate\":\"2021-03-30\",\"numberOfEmployees\":{\"@type\":\"QuantitativeValue\",\"minValue\":\"1\",\"maxValue\":\"10\"}}]}<\/script>\n<!-- \/ Yoast SEO Premium plugin. -->","yoast_head_json":{"title":"Make an appointment with a physiotherapist from Physio Plateau Montreal","description":"When making an appointment online with a physiotherapist from Physio Plateau, enter your personal information and follow the instructions","robots":{"index":"index","follow":"follow","max-snippet":"max-snippet:-1","max-image-preview":"max-image-preview:large","max-video-preview":"max-video-preview:-1"},"canonical":"https:\/\/www.physioplateau.com\/en\/physiotherapist-appointement-montreal\/","og_locale":"en_US","og_type":"article","og_title":"Make an appointment with a physiotherapist from Physio Plateau","og_description":"La Clinique de physioth\u00e9rapie Physio Plateau. L\u2019adresse de r\u00e9f\u00e9rence pour un bon physioth\u00e9rapeute \u00e0 Montr\u00e9al dans le quartier Plateau-Mont-Royal","og_url":"https:\/\/www.physioplateau.com\/en\/physiotherapist-appointement-montreal\/","og_site_name":"Physio Plateau","article_publisher":"https:\/\/www.facebook.com\/physioplateau","article_modified_time":"2025-12-16T12:12:30+00:00","og_image":[{"width":1000,"height":566,"url":"https:\/\/www.physioplateau.com\/wp-content\/uploads\/2021\/10\/Logo-PhysioPlateau-social.jpg","type":"image\/jpeg"}],"twitter_card":"summary_large_image","twitter_misc":{"Est. reading time":"2 minutes"},"schema":{"@context":"https:\/\/schema.org","@graph":[{"@type":"WebPage","@id":"https:\/\/www.physioplateau.com\/en\/physiotherapist-appointement-montreal\/","url":"https:\/\/www.physioplateau.com\/en\/physiotherapist-appointement-montreal\/","name":"Make an appointment with a physiotherapist from Physio Plateau Montreal","isPartOf":{"@id":"https:\/\/www.physioplateau.com\/en\/#website"},"datePublished":"2021-08-30T16:58:37+00:00","dateModified":"2025-12-16T12:12:30+00:00","description":"When making an appointment online with a physiotherapist from Physio Plateau, enter your personal information and follow the instructions","breadcrumb":{"@id":"https:\/\/www.physioplateau.com\/en\/physiotherapist-appointement-montreal\/#breadcrumb"},"inLanguage":"en-US","potentialAction":[{"@type":"ReadAction","target":["https:\/\/www.physioplateau.com\/en\/physiotherapist-appointement-montreal\/"]}]},{"@type":"BreadcrumbList","@id":"https:\/\/www.physioplateau.com\/en\/physiotherapist-appointement-montreal\/#breadcrumb","itemListElement":[{"@type":"ListItem","position":1,"name":"Accueil","item":"https:\/\/www.physioplateau.com\/en\/"},{"@type":"ListItem","position":2,"name":"Make an appointment with a physiotherapist from Physio Plateau"}]},{"@type":"WebSite","@id":"https:\/\/www.physioplateau.com\/en\/#website","url":"https:\/\/www.physioplateau.com\/en\/","name":"Clinique de Physioth\u00e9rapie Physio Plateau","description":"Clinique de Physioth\u00e9rapie Montr\u00e9al","publisher":{"@id":"https:\/\/www.physioplateau.com\/en\/#organization"},"alternateName":"Physio Plateau","potentialAction":[{"@type":"SearchAction","target":{"@type":"EntryPoint","urlTemplate":"https:\/\/www.physioplateau.com\/en\/?s={search_term_string}"},"query-input":{"@type":"PropertyValueSpecification","valueRequired":true,"valueName":"search_term_string"}}],"inLanguage":"en-US"},{"@type":"Organization","@id":"https:\/\/www.physioplateau.com\/en\/#organization","name":"Clinique de physioth\u00e9rapie Physio Plateau - Plateau Mont-Royal","alternateName":"Physio Plateau","url":"https:\/\/www.physioplateau.com\/en\/","logo":{"@type":"ImageObject","inLanguage":"en-US","@id":"https:\/\/www.physioplateau.com\/en\/#\/schema\/logo\/image\/","url":"https:\/\/www.physioplateau.com\/wp-content\/uploads\/2021\/10\/Logo-PhysioPlateau-social.jpg","contentUrl":"https:\/\/www.physioplateau.com\/wp-content\/uploads\/2021\/10\/Logo-PhysioPlateau-social.jpg","width":1000,"height":566,"caption":"Clinique de physioth\u00e9rapie Physio Plateau - Plateau Mont-Royal"},"image":{"@id":"https:\/\/www.physioplateau.com\/en\/#\/schema\/logo\/image\/"},"sameAs":["https:\/\/www.facebook.com\/physioplateau","https:\/\/www.instagram.com\/physioplateau\/"],"description":"La Clinique de physioth\u00e9rapie Physio Plateau. L\u2019adresse de r\u00e9f\u00e9rence pour un bon physioth\u00e9rapeute \u00e0 Montr\u00e9al dans le quartier Plateau-Mont-Royal","email":"info@physioplateau.com","telephone":"514-277-8954","legalName":"Physio Plateau Inc","foundingDate":"2021-03-30","numberOfEmployees":{"@type":"QuantitativeValue","minValue":"1","maxValue":"10"}}]}},"_links":{"self":[{"href":"https:\/\/www.physioplateau.com\/en\/wp-json\/wp\/v2\/pages\/3083","targetHints":{"allow":["GET"]}}],"collection":[{"href":"https:\/\/www.physioplateau.com\/en\/wp-json\/wp\/v2\/pages"}],"about":[{"href":"https:\/\/www.physioplateau.com\/en\/wp-json\/wp\/v2\/types\/page"}],"author":[{"embeddable":true,"href":"https:\/\/www.physioplateau.com\/en\/wp-json\/wp\/v2\/users\/1"}],"replies":[{"embeddable":true,"href":"https:\/\/www.physioplateau.com\/en\/wp-json\/wp\/v2\/comments?post=3083"}],"version-history":[{"count":18,"href":"https:\/\/www.physioplateau.com\/en\/wp-json\/wp\/v2\/pages\/3083\/revisions"}],"predecessor-version":[{"id":5012,"href":"https:\/\/www.physioplateau.com\/en\/wp-json\/wp\/v2\/pages\/3083\/revisions\/5012"}],"wp:attachment":[{"href":"https:\/\/www.physioplateau.com\/en\/wp-json\/wp\/v2\/media?parent=3083"}],"curies":[{"name":"wp","href":"https:\/\/api.w.org\/{rel}","templated":true}]}}